{"id":529,"date":"2015-04-20T11:50:56","date_gmt":"2015-04-20T11:50:56","guid":{"rendered":"http:\/\/welfare.cmsmasters.net\/?page_id=529"},"modified":"2024-02-21T08:20:42","modified_gmt":"2024-02-21T08:20:42","slug":"hakkimizda","status":"publish","type":"page","link":"https:\/\/akdenizbahcesi.com\/?page_id=529","title":{"rendered":"HAKKIMIZDA"},"content":{"rendered":"<div id=\"cmsmasters_row_ynv5oj1pec\" class=\"cmsmasters_row cmsmasters_color_scheme_default cmsmasters_row_top_default cmsmasters_row_bot_default cmsmasters_row_boxed\">\n<div class=\"cmsmasters_row_outer_parent\">\n<div class=\"cmsmasters_row_outer\">\n<div class=\"cmsmasters_row_inner\">\n<div class=\"cmsmasters_row_margin\">\n<div id=\"cmsmasters_column_f77c8e6d30\" class=\"cmsmasters_column one_first\">\n<div class=\"cmsmasters_column_inner\"><div id=\"cmsmasters_heading_8qugyoge1h\" class=\"cmsmasters_heading_wrap cmsmasters_heading_align_center\">\n\t<h2 class=\"cmsmasters_heading\">Organik Sertifikal\u0131 Akdeniz Bah\u00e7esi<\/h2>\n<\/div>\n<div id=\"cmsmasters_divider_9ytyunbbe5\" class=\"cmsmasters_divider cmsmasters_divider_width_long cmsmasters_divider_pos_center\"><\/div>\n<div class=\"cmsmasters_text\">\n<p style=\"text-align: center;\"><span style=\"color: #6a6a6a; font-size: 16px; line-height: 28px;\">\u00c7\u0131ral\u0131\u2019da ger\u00e7ek bir organik meyve bah\u00e7esi g\u00f6rmeyi istiyorsan\u0131z, do\u011fru yerdesiniz. 4,5 d\u00f6n\u00fcml\u00fck bah\u00e7emizin i\u00e7inde 200\u2019e yak\u0131n meyve a\u011fac\u0131 bulunuyor; nar, portakal, mandalina, greyfurt, limon, avokado, dut, karadut, erik, incir, zeytin, \u00fcz\u00fcm, \u015fatok, ceviz ve pekan cevizi. Bunlar\u0131n yan\u0131nda Akdeniz yaseminleri, begonviller, mimozalar, manolyalar, mor salk\u0131mlar, zambaklar, \u00e7e\u015fit \u00e7e\u015fit bitkiler ve \u00e7i\u00e7ekler ile \u00c7\u0131ral\u0131\u2019ya \u00f6zel kokularla tan\u0131\u015fma f\u0131rsat\u0131 bulacaks\u0131n\u0131z.<\/span><\/p>\n<p style=\"text-align: center;\"><span style=\"color: #6a6a6a; font-size: 16px; line-height: 28px;\">Bah\u00e7emizdeki geni\u015f ye\u015fil alanda yer alan sal\u0131ncaklarda dinlenebilir, \u00e7\u0131nar ve ceviz a\u011fa\u00e7lar\u0131n\u0131n g\u00f6lgesinde hamak keyfi yapabilirsiniz. Sizler \u00c7\u0131ral\u0131\u2019da tatilin tad\u0131n\u0131 \u00e7\u0131kar\u0131rken \u00e7ocuklar da sal\u0131ncaklar\u0131n ve el i\u015fi etkinliklerinin yap\u0131ld\u0131\u011f\u0131 oyun alan\u0131nda diledikleri gibi vakit ge\u00e7irebilir, ko\u015fup oynayabilirler.<\/span><\/p>\n<\/div>\n<\/div><\/div>\n<\/div>\n<\/div>\n<\/div>\n<\/div>\n<\/div>\n<div id=\"cmsmasters_row_kfswi11jso\" class=\"cmsmasters_row cmsmasters_color_scheme_default cmsmasters_row_top_default cmsmasters_row_bot_default cmsmasters_row_fullwidth\">\n<div class=\"cmsmasters_row_outer_parent\">\n<div class=\"cmsmasters_row_outer\">\n<div class=\"cmsmasters_row_inner cmsmasters_row_fullwidth\">\n<div class=\"cmsmasters_row_margin\">\n<div id=\"cmsmasters_column_kzxavpltai\" class=\"cmsmasters_column one_first\">\n<div class=\"cmsmasters_column_inner\">\n<div class=\"cmsmasters_slider\">\n\t\t\t<!-- START Rezervasyon REVOLUTION SLIDER 6.6.12 --><p class=\"rs-p-wp-fix\"><\/p>\n\t\t\t<rs-module-wrap id=\"rev_slider_2_1_wrapper\" data-source=\"gallery\" style=\"visibility:hidden;background:transparent;padding:0;margin:0px auto;margin-top:0;margin-bottom:0;\">\n\t\t\t\t<rs-module id=\"rev_slider_2_1\" style=\"\" data-version=\"6.6.12\">\n\t\t\t\t\t<rs-slides style=\"overflow: hidden; position: absolute;\">\n\t\t\t\t\t\t<rs-slide style=\"position: absolute;\" data-key=\"rs-5\" data-title=\"Slide\" data-in=\"o:0;\" data-out=\"a:false;\">\n\t\t\t\t\t\t\t<img decoding=\"async\" src=\"\/\/akdenizbahcesi.com\/wp-content\/plugins\/revslider\/public\/assets\/assets\/dummy.png\" alt=\"\" title=\"video_5.jpeg\" width=\"1920\" height=\"1080\" class=\"rev-slidebg tp-rs-img rs-lazyload\" data-lazyload=\"\/\/akdenizbahcesi.com\/wp-content\/uploads\/revslider\/video-media\/video_5.jpeg\" data-no-retina>\n\t\t\t\t\t\t\t<rs-bgvideo \n\t\t\t\t\t\t\t\tdata-video=\"w:100%;h:100%;nse:false;l:true;ptimer:false;vfc:true;\"\n\t\t\t\t\t\t\t\tdata-mp4=\"\/\/akdenizbahcesi.com\/wp-content\/uploads\/2023\/06\/video.mp4\"\n\t\t\t\t\t\t\t><\/rs-bgvideo>\n<!--\n\t\t\t\t\t\t\t--><rs-layer\n\t\t\t\t\t\t\t\tid=\"slider-2-slide-5-layer-2\" \n\t\t\t\t\t\t\t\tdata-type=\"text\"\n\t\t\t\t\t\t\t\tdata-rsp_ch=\"on\"\n\t\t\t\t\t\t\t\tdata-xy=\"x:c;xo:0,0,0,1px;yo:100px,255px,255px,125px;\"\n\t\t\t\t\t\t\t\tdata-text=\"w:nowrap,nowrap,nowrap,normal;s:70,70,140,100;l:160;ls:0,0,0px,0px;fw:500,500,400,400;a:center,center,inherit,center;\"\n\t\t\t\t\t\t\t\tdata-dim=\"w:624px,624px,624px,446px;h:183px,183px,183px,auto;\"\n\t\t\t\t\t\t\t\tdata-frame_0=\"o:1;\"\n\t\t\t\t\t\t\t\tdata-frame_0_chars=\"d:5;o:0;\"\n\t\t\t\t\t\t\t\tdata-frame_1=\"e:power4.inOut;sp:1460;sR:10;\"\n\t\t\t\t\t\t\t\tdata-frame_1_chars=\"d:5;\"\n\t\t\t\t\t\t\t\tdata-frame_999=\"o:0;st:w;sR:6980;\"\n\t\t\t\t\t\t\t\tstyle=\"z-index:6;font-family:'Roboto';\"\n\t\t\t\t\t\t\t>Bilgi ve Rezervasyon \n\t\t\t\t\t\t\t<\/rs-layer><!--\n\n\t\t\t\t\t\t\t--><rs-layer\n\t\t\t\t\t\t\t\tid=\"slider-2-slide-5-layer-4\" \n\t\t\t\t\t\t\t\tclass=\"rev-btn\"\n\t\t\t\t\t\t\t\tdata-type=\"button\"\n\t\t\t\t\t\t\t\tdata-color=\"rgba(255,255,255,1)\"\n\t\t\t\t\t\t\t\tdata-rsp_ch=\"on\"\n\t\t\t\t\t\t\t\tdata-xy=\"x:c;yo:250px,420px,420px,283px;\"\n\t\t\t\t\t\t\t\tdata-text=\"s:16;fw:500;a:inherit;\"\n\t\t\t\t\t\t\t\tdata-actions='o:click;a:simplelink;target:_self;url:https:\/\/akdenizbahcesi.com\/rezervasyon\/;'\n\t\t\t\t\t\t\t\tdata-padding=\"t:14,14,14,12;r:35;b:14,14,14,12;l:35;\"\n\t\t\t\t\t\t\t\tdata-frame_0=\"o:1;\"\n\t\t\t\t\t\t\t\tdata-frame_0_sfx=\"se:blocktoright;\"\n\t\t\t\t\t\t\t\tdata-frame_1=\"e:power4.inOut;st:1000;sp:1000;sR:1000;\"\n\t\t\t\t\t\t\t\tdata-frame_1_sfx=\"se:blocktoright;\"\n\t\t\t\t\t\t\t\tdata-frame_999=\"o:0;st:w;sR:7000;\"\n\t\t\t\t\t\t\t\tdata-frame_hover=\"c:#c19b76;bgc:#fff;boc:#fff;bor:0px,0px,0px,0px;bos:solid;oX:50;oY:50;e:none;\"\n\t\t\t\t\t\t\t\tstyle=\"z-index:7;background-color:#c19b76;font-family:'Dosis';cursor:pointer;outline:none;box-shadow:none;box-sizing:border-box;-moz-box-sizing:border-box;-webkit-box-sizing:border-box;\"\n\t\t\t\t\t\t\t>REZERVASYON \n\t\t\t\t\t\t\t<\/rs-layer><!--\n-->\t\t\t\t\t\t<\/rs-slide>\n\t\t\t\t\t<\/rs-slides>\n\t\t\t\t<\/rs-module>\n\t\t\t\t<script>\n\t\t\t\t\tsetREVStartSize({c: 'rev_slider_2_1',rl:[1240,1024,778,480],el:[450,768,600,420],gw:[1920,1024,778,480],gh:[450,450,450,420],type:'standard',justify:'',layout:'fullwidth',mh:\"0\"});if (window.RS_MODULES!==undefined && window.RS_MODULES.modules!==undefined && window.RS_MODULES.modules[\"revslider21\"]!==undefined) {window.RS_MODULES.modules[\"revslider21\"].once = false;window.revapi2 = undefined;if (window.RS_MODULES.checkMinimal!==undefined) window.RS_MODULES.checkMinimal()}\n\t\t\t\t<\/script>\n\t\t\t<\/rs-module-wrap>\n\t\t\t<!-- END REVOLUTION SLIDER -->\n<\/div>\n<\/div><\/div>\n<\/div>\n<\/div>\n<\/div>\n<\/div>\n<\/div>\n\n","protected":false},"excerpt":{"rendered":"","protected":false},"author":1,"featured_media":0,"parent":0,"menu_order":0,"comment_status":"closed","ping_status":"closed","template":"","meta":{"_joinchat":[],"footnotes":""},"class_list":["post-529","page","type-page","status-publish","hentry"],"_links":{"self":[{"href":"https:\/\/akdenizbahcesi.com\/index.php?rest_route=\/wp\/v2\/pages\/529","targetHints":{"allow":["GET"]}}],"collection":[{"href":"https:\/\/akdenizbahcesi.com\/index.php?rest_route=\/wp\/v2\/pages"}],"about":[{"href":"https:\/\/akdenizbahcesi.com\/index.php?rest_route=\/wp\/v2\/types\/page"}],"author":[{"embeddable":true,"href":"https:\/\/akdenizbahcesi.com\/index.php?rest_route=\/wp\/v2\/users\/1"}],"replies":[{"embeddable":true,"href":"https:\/\/akdenizbahcesi.com\/index.php?rest_route=%2Fwp%2Fv2%2Fcomments&post=529"}],"version-history":[{"count":29,"href":"https:\/\/akdenizbahcesi.com\/index.php?rest_route=\/wp\/v2\/pages\/529\/revisions"}],"predecessor-version":[{"id":17181,"href":"https:\/\/akdenizbahcesi.com\/index.php?rest_route=\/wp\/v2\/pages\/529\/revisions\/17181"}],"wp:attachment":[{"href":"https:\/\/akdenizbahcesi.com\/index.php?rest_route=%2Fwp%2Fv2%2Fmedia&parent=529"}],"curies":[{"name":"wp","href":"https:\/\/api.w.org\/{rel}","templated":true}]}}